{"id":353,"date":"2023-12-19T16:45:51","date_gmt":"2023-12-19T19:45:51","guid":{"rendered":"https:\/\/cogumelosdobosque.com.br\/?page_id=353"},"modified":"2024-01-09T15:01:09","modified_gmt":"2024-01-09T18:01:09","slug":"shimeji","status":"publish","type":"page","link":"https:\/\/cogumelosdobosque.com.br\/index.php\/shimeji\/","title":{"rendered":"O Shimeji"},"content":{"rendered":"\t\t<div data-elementor-type=\"wp-page\" data-elementor-id=\"353\" class=\"elementor elementor-353\" data-elementor-post-type=\"page\">\n\t\t\t\t\t\t<section class=\"elementor-section elementor-top-section elementor-element elementor-element-9e7bbb6 elementor-section-boxed elementor-section-height-default elementor-section-height-default\" data-id=\"9e7bbb6\" data-element_type=\"section\">\n\t\t\t\t\t\t<div class=\"elementor-container elementor-column-gap-default\">\n\t\t\t\t\t<div class=\"elementor-column elementor-col-50 elementor-top-column elementor-element elementor-element-46c201e\" data-id=\"46c201e\" data-element_type=\"column\">\n\t\t\t<div class=\"elementor-widget-wrap elementor-element-populated\">\n\t\t\t\t\t\t<div class=\"elementor-element elementor-element-d0ab681 elementor-widget__width-initial elementor-widget elementor-widget-image\" data-id=\"d0ab681\" data-element_type=\"widget\" data-widget_type=\"image.default\">\n\t\t\t\t<div class=\"elementor-widget-container\">\n\t\t\t\t\t\t\t\t\t\t\t\t\t\t\t<img fetchpriority=\"high\" decoding=\"async\" width=\"800\" height=\"512\" src=\"https:\/\/cogumelosdobosque.com.br\/wp-content\/uploads\/2022\/03\/Logo-Cogumelos-do-Bosque-1024x655.png\" class=\"attachment-large size-large wp-image-25\" alt=\"\" srcset=\"https:\/\/cogumelosdobosque.com.br\/wp-content\/uploads\/2022\/03\/Logo-Cogumelos-do-Bosque-1024x655.png 1024w, https:\/\/cogumelosdobosque.com.br\/wp-content\/uploads\/2022\/03\/Logo-Cogumelos-do-Bosque-300x192.png 300w, https:\/\/cogumelosdobosque.com.br\/wp-content\/uploads\/2022\/03\/Logo-Cogumelos-do-Bosque-768x491.png 768w, https:\/\/cogumelosdobosque.com.br\/wp-content\/uploads\/2022\/03\/Logo-Cogumelos-do-Bosque.png 1417w\" sizes=\"(max-width: 800px) 100vw, 800px\" \/>\t\t\t\t\t\t\t\t\t\t\t\t\t\t\t<\/div>\n\t\t\t\t<\/div>\n\t\t\t\t\t<\/div>\n\t\t<\/div>\n\t\t\t\t<div class=\"elementor-column elementor-col-50 elementor-top-column elementor-element elementor-element-40ed29a\" data-id=\"40ed29a\" data-element_type=\"column\">\n\t\t\t<div class=\"elementor-widget-wrap elementor-element-populated\">\n\t\t\t\t\t\t<div class=\"elementor-element elementor-element-cdc0bab elementor-nav-menu__align-center elementor-nav-menu__text-align-center e-transform elementor-nav-menu--dropdown-tablet elementor-nav-menu--toggle elementor-nav-menu--burger elementor-widget elementor-widget-nav-menu\" data-id=\"cdc0bab\" data-element_type=\"widget\" data-settings=\"{&quot;_transform_scale_effect_mobile&quot;:{&quot;unit&quot;:&quot;px&quot;,&quot;size&quot;:1.1,&quot;sizes&quot;:[]},&quot;layout&quot;:&quot;horizontal&quot;,&quot;submenu_icon&quot;:{&quot;value&quot;:&quot;&lt;i class=\\&quot;fas fa-caret-down\\&quot;&gt;&lt;\\\/i&gt;&quot;,&quot;library&quot;:&quot;fa-solid&quot;},&quot;toggle&quot;:&quot;burger&quot;,&quot;_transform_scale_effect&quot;:{&quot;unit&quot;:&quot;px&quot;,&quot;size&quot;:&quot;&quot;,&quot;sizes&quot;:[]},&quot;_transform_scale_effect_tablet&quot;:{&quot;unit&quot;:&quot;px&quot;,&quot;size&quot;:&quot;&quot;,&quot;sizes&quot;:[]}}\" data-widget_type=\"nav-menu.default\">\n\t\t\t\t<div class=\"elementor-widget-container\">\n\t\t\t\t\t\t\t\t<nav aria-label=\"Menu\" class=\"elementor-nav-menu--main elementor-nav-menu__container elementor-nav-menu--layout-horizontal e--pointer-underline e--animation-fade\">\n\t\t\t\t<ul id=\"menu-1-cdc0bab\" class=\"elementor-nav-menu\"><li class=\"menu-item menu-item-type-post_type menu-item-object-page menu-item-home menu-item-17\"><a href=\"https:\/\/cogumelosdobosque.com.br\/\" class=\"elementor-item\">Home<\/a><\/li>\n<li class=\"menu-item menu-item-type-post_type menu-item-object-page menu-item-18\"><a href=\"https:\/\/cogumelosdobosque.com.br\/index.php\/home\/sobre\/\" class=\"elementor-item\">Sobre<\/a><\/li>\n<li class=\"menu-item menu-item-type-post_type menu-item-object-page menu-item-354\"><a href=\"https:\/\/cogumelosdobosque.com.br\/index.php\/shimeji\/\" class=\"elementor-item\">O Shimeji<\/a><\/li>\n<li class=\"menu-item menu-item-type-post_type menu-item-object-page menu-item-16\"><a href=\"https:\/\/cogumelosdobosque.com.br\/index.php\/contato\/\" class=\"elementor-item\">Contato<\/a><\/li>\n<\/ul>\t\t\t<\/nav>\n\t\t\t\t\t<div class=\"elementor-menu-toggle\" role=\"button\" tabindex=\"0\" aria-label=\"Menu Toggle\" aria-expanded=\"false\">\n\t\t\t<i aria-hidden=\"true\" role=\"presentation\" class=\"elementor-menu-toggle__icon--open eicon-menu-bar\"><\/i><i aria-hidden=\"true\" role=\"presentation\" class=\"elementor-menu-toggle__icon--close eicon-close\"><\/i>\t\t<\/div>\n\t\t\t\t\t<nav class=\"elementor-nav-menu--dropdown elementor-nav-menu__container\" aria-hidden=\"true\">\n\t\t\t\t<ul id=\"menu-2-cdc0bab\" class=\"elementor-nav-menu\"><li class=\"menu-item menu-item-type-post_type menu-item-object-page menu-item-home menu-item-17\"><a href=\"https:\/\/cogumelosdobosque.com.br\/\" class=\"elementor-item\" tabindex=\"-1\">Home<\/a><\/li>\n<li class=\"menu-item menu-item-type-post_type menu-item-object-page menu-item-18\"><a href=\"https:\/\/cogumelosdobosque.com.br\/index.php\/home\/sobre\/\" class=\"elementor-item\" tabindex=\"-1\">Sobre<\/a><\/li>\n<li class=\"menu-item menu-item-type-post_type menu-item-object-page menu-item-354\"><a href=\"https:\/\/cogumelosdobosque.com.br\/index.php\/shimeji\/\" class=\"elementor-item\" tabindex=\"-1\">O Shimeji<\/a><\/li>\n<li class=\"menu-item menu-item-type-post_type menu-item-object-page menu-item-16\"><a href=\"https:\/\/cogumelosdobosque.com.br\/index.php\/contato\/\" class=\"elementor-item\" tabindex=\"-1\">Contato<\/a><\/li>\n<\/ul>\t\t\t<\/nav>\n\t\t\t\t\t\t<\/div>\n\t\t\t\t<\/div>\n\t\t\t\t\t<\/div>\n\t\t<\/div>\n\t\t\t\t\t<\/div>\n\t\t<\/section>\n\t\t\t\t<section class=\"elementor-section elementor-top-section elementor-element elementor-element-e93d7e7 elementor-section-boxed elementor-section-height-default elementor-section-height-default\" data-id=\"e93d7e7\" data-element_type=\"section\">\n\t\t\t\t\t\t<div class=\"elementor-container elementor-column-gap-default\">\n\t\t\t\t\t<div class=\"elementor-column elementor-col-50 elementor-top-column elementor-element elementor-element-b003185\" data-id=\"b003185\" data-element_type=\"column\">\n\t\t\t<div class=\"elementor-widget-wrap elementor-element-populated\">\n\t\t\t\t\t\t<div class=\"elementor-element elementor-element-53396e1 elementor-widget elementor-widget-heading\" data-id=\"53396e1\" data-element_type=\"widget\" data-widget_type=\"heading.default\">\n\t\t\t\t<div class=\"elementor-widget-container\">\n\t\t\t\t\t<h2 class=\"elementor-heading-title elementor-size-default\">Cogumelo Shimeji<\/h2>\t\t\t\t<\/div>\n\t\t\t\t<\/div>\n\t\t\t\t<div class=\"elementor-element elementor-element-7bbb633 elementor-widget elementor-widget-text-editor\" data-id=\"7bbb633\" data-element_type=\"widget\" data-widget_type=\"text-editor.default\">\n\t\t\t\t<div class=\"elementor-widget-container\">\n\t\t\t\t\t\t\t\t\t<p>Nativo da \u00c1sia Oriental e do norte da Europa, o cogumelo Shimeji \u00e9 muito apreciado em raz\u00e3o do seu sabor e de sua textura delicada e macia. Pertencente ao reino dos fungos, desempenha um papel crucial na natureza, sendo um dos respons\u00e1veis por decompor mat\u00e9ria org\u00e2nica. Na sa\u00fade, pode-se destacar a a\u00e7\u00e3o antimicrobiana, antioxidante, o aux\u00edlio na digest\u00e3o, al\u00e9m de ajudar a controlar o diabetes, colesterol e melhorar a imunidade. H\u00e1 uma grande variedade deles, sendo utilizados com muita frequ\u00eancia em pratos como molhos para massas, saladas, recheios e carnes. Para preparar e limpar essa deliciosa iguaria, corte a base do cacho e use as m\u00e3os para separar os caules.\u00a0O talo e o chap\u00e9u tamb\u00e9m s\u00e3o comest\u00edveis e devem ser sempre cozidos. A limpeza com \u00e1gua nem sempre \u00e9 recomend\u00e1vel. Basta escovar levemente para remover qualquer sujeira e res\u00edduo, antes do cozimento, temperar a gosto e pronto. O sabor agrad\u00e1vel e praticidade na cozinha, somado \u00e0s propriedades nutricionais poderosas, \u00e9 a chave do cogumelo Shimeji para o seu sucesso.<\/p>\t\t\t\t\t\t\t\t<\/div>\n\t\t\t\t<\/div>\n\t\t\t\t<div class=\"elementor-element elementor-element-0df2b51 elementor-widget elementor-widget-button\" data-id=\"0df2b51\" data-element_type=\"widget\" data-widget_type=\"button.default\">\n\t\t\t\t<div class=\"elementor-widget-container\">\n\t\t\t\t\t\t\t\t\t<div class=\"elementor-button-wrapper\">\n\t\t\t\t\t<a class=\"elementor-button elementor-button-link elementor-size-sm\" href=\"https:\/\/cogumelosdobosque.com.br\/index.php\/contato\/\">\n\t\t\t\t\t\t<span class=\"elementor-button-content-wrapper\">\n\t\t\t\t\t\t\t\t\t<span class=\"elementor-button-text\">EU QUERO<\/span>\n\t\t\t\t\t<\/span>\n\t\t\t\t\t<\/a>\n\t\t\t\t<\/div>\n\t\t\t\t\t\t\t\t<\/div>\n\t\t\t\t<\/div>\n\t\t\t\t\t<\/div>\n\t\t<\/div>\n\t\t\t\t<div class=\"elementor-column elementor-col-50 elementor-top-column elementor-element elementor-element-c5a52bd\" data-id=\"c5a52bd\" data-element_type=\"column\">\n\t\t\t<div class=\"elementor-widget-wrap elementor-element-populated\">\n\t\t\t\t\t\t<div class=\"elementor-element elementor-element-640211b elementor-widget__width-initial elementor-widget elementor-widget-image\" data-id=\"640211b\" data-element_type=\"widget\" data-widget_type=\"image.default\">\n\t\t\t\t<div class=\"elementor-widget-container\">\n\t\t\t\t\t\t\t\t\t\t\t\t\t\t\t<img decoding=\"async\" width=\"800\" height=\"800\" src=\"https:\/\/cogumelosdobosque.com.br\/wp-content\/uploads\/2023\/12\/Shimeji-prato.jpg\" class=\"attachment-large size-large wp-image-360\" alt=\"\" srcset=\"https:\/\/cogumelosdobosque.com.br\/wp-content\/uploads\/2023\/12\/Shimeji-prato.jpg 1024w, https:\/\/cogumelosdobosque.com.br\/wp-content\/uploads\/2023\/12\/Shimeji-prato-300x300.jpg 300w, https:\/\/cogumelosdobosque.com.br\/wp-content\/uploads\/2023\/12\/Shimeji-prato-150x150.jpg 150w, https:\/\/cogumelosdobosque.com.br\/wp-content\/uploads\/2023\/12\/Shimeji-prato-768x768.jpg 768w\" sizes=\"(max-width: 800px) 100vw, 800px\" \/>\t\t\t\t\t\t\t\t\t\t\t\t\t\t\t<\/div>\n\t\t\t\t<\/div>\n\t\t\t\t\t<\/div>\n\t\t<\/div>\n\t\t\t\t\t<\/div>\n\t\t<\/section>\n\t\t\t\t<\/div>\n\t\t","protected":false},"excerpt":{"rendered":"<p>Cogumelo Shimeji Nativo da \u00c1sia Oriental e do norte da Europa, o cogumelo Shimeji \u00e9 muito apreciado em raz\u00e3o do seu sabor e de sua textura delicada e macia. Pertencente ao reino dos fungos, desempenha um papel crucial na natureza, sendo um dos respons\u00e1veis por decompor mat\u00e9ria org\u00e2nica. Na sa\u00fade, pode-se destacar a a\u00e7\u00e3o antimicrobiana, [&hellip;]<\/p>\n","protected":false},"author":1,"featured_media":0,"parent":0,"menu_order":0,"comment_status":"closed","ping_status":"closed","template":"elementor_header_footer","meta":{"footnotes":""},"class_list":["post-353","page","type-page","status-publish","hentry"],"_links":{"self":[{"href":"https:\/\/cogumelosdobosque.com.br\/index.php\/wp-json\/wp\/v2\/pages\/353","targetHints":{"allow":["GET"]}}],"collection":[{"href":"https:\/\/cogumelosdobosque.com.br\/index.php\/wp-json\/wp\/v2\/pages"}],"about":[{"href":"https:\/\/cogumelosdobosque.com.br\/index.php\/wp-json\/wp\/v2\/types\/page"}],"author":[{"embeddable":true,"href":"https:\/\/cogumelosdobosque.com.br\/index.php\/wp-json\/wp\/v2\/users\/1"}],"replies":[{"embeddable":true,"href":"https:\/\/cogumelosdobosque.com.br\/index.php\/wp-json\/wp\/v2\/comments?post=353"}],"version-history":[{"count":100,"href":"https:\/\/cogumelosdobosque.com.br\/index.php\/wp-json\/wp\/v2\/pages\/353\/revisions"}],"predecessor-version":[{"id":604,"href":"https:\/\/cogumelosdobosque.com.br\/index.php\/wp-json\/wp\/v2\/pages\/353\/revisions\/604"}],"wp:attachment":[{"href":"https:\/\/cogumelosdobosque.com.br\/index.php\/wp-json\/wp\/v2\/media?parent=353"}],"curies":[{"name":"wp","href":"https:\/\/api.w.org\/{rel}","templated":true}]}}