{"id":2,"date":"2022-03-11T13:38:00","date_gmt":"2022-03-11T16:38:00","guid":{"rendered":"http:\/\/cogumelosdobosque.com.br\/?page_id=2"},"modified":"2024-01-09T15:01:38","modified_gmt":"2024-01-09T18:01:38","slug":"sobre","status":"publish","type":"page","link":"https:\/\/cogumelosdobosque.com.br\/index.php\/home\/sobre\/","title":{"rendered":"Sobre"},"content":{"rendered":"\t\t<div data-elementor-type=\"wp-page\" data-elementor-id=\"2\" class=\"elementor elementor-2\" data-elementor-post-type=\"page\">\n\t\t\t\t\t\t<section class=\"elementor-section elementor-top-section elementor-element elementor-element-3abd311 elementor-section-boxed elementor-section-height-default elementor-section-height-default\" data-id=\"3abd311\" data-element_type=\"section\">\n\t\t\t\t\t\t<div class=\"elementor-container elementor-column-gap-default\">\n\t\t\t\t\t<div class=\"elementor-column elementor-col-50 elementor-top-column elementor-element elementor-element-e2c9113\" data-id=\"e2c9113\" data-element_type=\"column\">\n\t\t\t<div class=\"elementor-widget-wrap elementor-element-populated\">\n\t\t\t\t\t\t<div class=\"elementor-element elementor-element-ee3d326 elementor-widget__width-initial elementor-widget elementor-widget-image\" data-id=\"ee3d326\" data-element_type=\"widget\" data-widget_type=\"image.default\">\n\t\t\t\t<div class=\"elementor-widget-container\">\n\t\t\t\t\t\t\t\t\t\t\t\t\t\t\t<img fetchpriority=\"high\" decoding=\"async\" width=\"800\" height=\"512\" src=\"https:\/\/cogumelosdobosque.com.br\/wp-content\/uploads\/2022\/03\/Logo-Cogumelos-do-Bosque-1024x655.png\" class=\"attachment-large size-large wp-image-25\" alt=\"\" srcset=\"https:\/\/cogumelosdobosque.com.br\/wp-content\/uploads\/2022\/03\/Logo-Cogumelos-do-Bosque-1024x655.png 1024w, https:\/\/cogumelosdobosque.com.br\/wp-content\/uploads\/2022\/03\/Logo-Cogumelos-do-Bosque-300x192.png 300w, https:\/\/cogumelosdobosque.com.br\/wp-content\/uploads\/2022\/03\/Logo-Cogumelos-do-Bosque-768x491.png 768w, https:\/\/cogumelosdobosque.com.br\/wp-content\/uploads\/2022\/03\/Logo-Cogumelos-do-Bosque.png 1417w\" sizes=\"(max-width: 800px) 100vw, 800px\" \/>\t\t\t\t\t\t\t\t\t\t\t\t\t\t\t<\/div>\n\t\t\t\t<\/div>\n\t\t\t\t\t<\/div>\n\t\t<\/div>\n\t\t\t\t<div class=\"elementor-column elementor-col-50 elementor-top-column elementor-element elementor-element-09644a0\" data-id=\"09644a0\" data-element_type=\"column\">\n\t\t\t<div class=\"elementor-widget-wrap elementor-element-populated\">\n\t\t\t\t\t\t<div class=\"elementor-element elementor-element-2578a18 elementor-nav-menu__align-center elementor-nav-menu__text-align-center e-transform elementor-nav-menu--dropdown-tablet elementor-nav-menu--toggle elementor-nav-menu--burger elementor-widget elementor-widget-nav-menu\" data-id=\"2578a18\" data-element_type=\"widget\" data-settings=\"{&quot;_transform_scale_effect_mobile&quot;:{&quot;unit&quot;:&quot;px&quot;,&quot;size&quot;:1.1,&quot;sizes&quot;:[]},&quot;layout&quot;:&quot;horizontal&quot;,&quot;submenu_icon&quot;:{&quot;value&quot;:&quot;&lt;i class=\\&quot;fas fa-caret-down\\&quot;&gt;&lt;\\\/i&gt;&quot;,&quot;library&quot;:&quot;fa-solid&quot;},&quot;toggle&quot;:&quot;burger&quot;,&quot;_transform_scale_effect&quot;:{&quot;unit&quot;:&quot;px&quot;,&quot;size&quot;:&quot;&quot;,&quot;sizes&quot;:[]},&quot;_transform_scale_effect_tablet&quot;:{&quot;unit&quot;:&quot;px&quot;,&quot;size&quot;:&quot;&quot;,&quot;sizes&quot;:[]}}\" data-widget_type=\"nav-menu.default\">\n\t\t\t\t<div class=\"elementor-widget-container\">\n\t\t\t\t\t\t\t\t<nav aria-label=\"Menu\" class=\"elementor-nav-menu--main elementor-nav-menu__container elementor-nav-menu--layout-horizontal e--pointer-underline e--animation-fade\">\n\t\t\t\t<ul id=\"menu-1-2578a18\" class=\"elementor-nav-menu\"><li class=\"menu-item menu-item-type-post_type menu-item-object-page menu-item-home menu-item-17\"><a href=\"https:\/\/cogumelosdobosque.com.br\/\" class=\"elementor-item\">Home<\/a><\/li>\n<li class=\"menu-item menu-item-type-post_type menu-item-object-page menu-item-18\"><a href=\"https:\/\/cogumelosdobosque.com.br\/index.php\/home\/sobre\/\" class=\"elementor-item\">Sobre<\/a><\/li>\n<li class=\"menu-item menu-item-type-post_type menu-item-object-page menu-item-354\"><a href=\"https:\/\/cogumelosdobosque.com.br\/index.php\/shimeji\/\" class=\"elementor-item\">O Shimeji<\/a><\/li>\n<li class=\"menu-item menu-item-type-post_type menu-item-object-page menu-item-16\"><a href=\"https:\/\/cogumelosdobosque.com.br\/index.php\/contato\/\" class=\"elementor-item\">Contato<\/a><\/li>\n<\/ul>\t\t\t<\/nav>\n\t\t\t\t\t<div class=\"elementor-menu-toggle\" role=\"button\" tabindex=\"0\" aria-label=\"Menu Toggle\" aria-expanded=\"false\">\n\t\t\t<i aria-hidden=\"true\" role=\"presentation\" class=\"elementor-menu-toggle__icon--open eicon-menu-bar\"><\/i><i aria-hidden=\"true\" role=\"presentation\" class=\"elementor-menu-toggle__icon--close eicon-close\"><\/i>\t\t<\/div>\n\t\t\t\t\t<nav class=\"elementor-nav-menu--dropdown elementor-nav-menu__container\" aria-hidden=\"true\">\n\t\t\t\t<ul id=\"menu-2-2578a18\" class=\"elementor-nav-menu\"><li class=\"menu-item menu-item-type-post_type menu-item-object-page menu-item-home menu-item-17\"><a href=\"https:\/\/cogumelosdobosque.com.br\/\" class=\"elementor-item\" tabindex=\"-1\">Home<\/a><\/li>\n<li class=\"menu-item menu-item-type-post_type menu-item-object-page menu-item-18\"><a href=\"https:\/\/cogumelosdobosque.com.br\/index.php\/home\/sobre\/\" class=\"elementor-item\" tabindex=\"-1\">Sobre<\/a><\/li>\n<li class=\"menu-item menu-item-type-post_type menu-item-object-page menu-item-354\"><a href=\"https:\/\/cogumelosdobosque.com.br\/index.php\/shimeji\/\" class=\"elementor-item\" tabindex=\"-1\">O Shimeji<\/a><\/li>\n<li class=\"menu-item menu-item-type-post_type menu-item-object-page menu-item-16\"><a href=\"https:\/\/cogumelosdobosque.com.br\/index.php\/contato\/\" class=\"elementor-item\" tabindex=\"-1\">Contato<\/a><\/li>\n<\/ul>\t\t\t<\/nav>\n\t\t\t\t\t\t<\/div>\n\t\t\t\t<\/div>\n\t\t\t\t\t<\/div>\n\t\t<\/div>\n\t\t\t\t\t<\/div>\n\t\t<\/section>\n\t\t\t\t<section class=\"elementor-section elementor-top-section elementor-element elementor-element-2b6e4b3 elementor-section-boxed elementor-section-height-default elementor-section-height-default\" data-id=\"2b6e4b3\" data-element_type=\"section\">\n\t\t\t\t\t\t<div class=\"elementor-container elementor-column-gap-default\">\n\t\t\t\t\t<div class=\"elementor-column elementor-col-50 elementor-top-column elementor-element elementor-element-08eeb81\" data-id=\"08eeb81\" data-element_type=\"column\">\n\t\t\t<div class=\"elementor-widget-wrap elementor-element-populated\">\n\t\t\t\t\t\t<div class=\"elementor-element elementor-element-20519e8 elementor-widget elementor-widget-heading\" data-id=\"20519e8\" data-element_type=\"widget\" data-widget_type=\"heading.default\">\n\t\t\t\t<div class=\"elementor-widget-container\">\n\t\t\t\t\t<h2 class=\"elementor-heading-title elementor-size-default\">Sobre N\u00f3s<\/h2>\t\t\t\t<\/div>\n\t\t\t\t<\/div>\n\t\t\t\t<div class=\"elementor-element elementor-element-e266a68 elementor-widget elementor-widget-text-editor\" data-id=\"e266a68\" data-element_type=\"widget\" data-widget_type=\"text-editor.default\">\n\t\t\t\t<div class=\"elementor-widget-container\">\n\t\t\t\t\t\t\t\t\t<p>Somos moradores de Visconde de Mau\u00e1, no alto da Serra da Mantiqueira, apaixonados por essa vila e cogumelos comest\u00edveis.<br \/>Trabalhamos no cultivo org\u00e2nico do delicado e saboroso, Shimeji, rico em nutrientes e excelente fonte de fibras, prote\u00ednas e vitaminas, com t\u00e9cnicas de manejo sustent\u00e1veis que, al\u00e9m de contribu\u00edrem para a preserva\u00e7\u00e3o do meio ambiente, garantem a qualidade e a seguran\u00e7a da nossa produ\u00e7\u00e3o.<br \/>Comprometidos com a satisfa\u00e7\u00e3o dos nossos clientes, oferecemos um atendimento personalizado e prestativo, sempre prontos para esclarecer d\u00favidas e oferecer dicas de preparo desse alimento vers\u00e1til, delicioso e saud\u00e1vel, utilizado em diversas receitas. Se o que procura s\u00e3o experi\u00eancias culin\u00e1rias, com novas sensa\u00e7\u00f5es e sabores, o cogumelo shimeji org\u00e2nico \u00e9 a escolha perfeita<\/p>\t\t\t\t\t\t\t\t<\/div>\n\t\t\t\t<\/div>\n\t\t\t\t<div class=\"elementor-element elementor-element-1cd2a64 elementor-align-left elementor-widget elementor-widget-button\" data-id=\"1cd2a64\" data-element_type=\"widget\" data-widget_type=\"button.default\">\n\t\t\t\t<div class=\"elementor-widget-container\">\n\t\t\t\t\t\t\t\t\t<div class=\"elementor-button-wrapper\">\n\t\t\t\t\t<a class=\"elementor-button elementor-button-link elementor-size-sm\" href=\"https:\/\/cogumelosdobosque.com.br\/index.php\/contato\/\">\n\t\t\t\t\t\t<span class=\"elementor-button-content-wrapper\">\n\t\t\t\t\t\t\t\t\t<span class=\"elementor-button-text\">CONTATO<\/span>\n\t\t\t\t\t<\/span>\n\t\t\t\t\t<\/a>\n\t\t\t\t<\/div>\n\t\t\t\t\t\t\t\t<\/div>\n\t\t\t\t<\/div>\n\t\t\t\t\t<\/div>\n\t\t<\/div>\n\t\t\t\t<div class=\"elementor-column elementor-col-50 elementor-top-column elementor-element elementor-element-ddbbbff\" data-id=\"ddbbbff\" data-element_type=\"column\">\n\t\t\t<div class=\"elementor-widget-wrap elementor-element-populated\">\n\t\t\t\t\t\t<div class=\"elementor-element elementor-element-b7f076d elementor-widget__width-initial elementor-widget elementor-widget-image\" data-id=\"b7f076d\" data-element_type=\"widget\" data-widget_type=\"image.default\">\n\t\t\t\t<div class=\"elementor-widget-container\">\n\t\t\t\t\t\t\t\t\t\t\t\t\t\t\t<img decoding=\"async\" width=\"800\" height=\"737\" src=\"https:\/\/cogumelosdobosque.com.br\/wp-content\/uploads\/2022\/03\/Maroca-1024x943.jpg\" class=\"attachment-large size-large wp-image-104\" alt=\"\" srcset=\"https:\/\/cogumelosdobosque.com.br\/wp-content\/uploads\/2022\/03\/Maroca-1024x943.jpg 1024w, https:\/\/cogumelosdobosque.com.br\/wp-content\/uploads\/2022\/03\/Maroca-300x276.jpg 300w, https:\/\/cogumelosdobosque.com.br\/wp-content\/uploads\/2022\/03\/Maroca-768x707.jpg 768w, https:\/\/cogumelosdobosque.com.br\/wp-content\/uploads\/2022\/03\/Maroca-1536x1414.jpg 1536w, https:\/\/cogumelosdobosque.com.br\/wp-content\/uploads\/2022\/03\/Maroca-2048x1885.jpg 2048w\" sizes=\"(max-width: 800px) 100vw, 800px\" \/>\t\t\t\t\t\t\t\t\t\t\t\t\t\t\t<\/div>\n\t\t\t\t<\/div>\n\t\t\t\t\t<\/div>\n\t\t<\/div>\n\t\t\t\t\t<\/div>\n\t\t<\/section>\n\t\t\t\t<\/div>\n\t\t","protected":false},"excerpt":{"rendered":"<p>Sobre N\u00f3s Somos moradores de Visconde de Mau\u00e1, no alto da Serra da Mantiqueira, apaixonados por essa vila e cogumelos comest\u00edveis.Trabalhamos no cultivo org\u00e2nico do delicado e saboroso, Shimeji, rico em nutrientes e excelente fonte de fibras, prote\u00ednas e vitaminas, com t\u00e9cnicas de manejo sustent\u00e1veis que, al\u00e9m de contribu\u00edrem para a preserva\u00e7\u00e3o do meio ambiente, [&hellip;]<\/p>\n","protected":false},"author":1,"featured_media":0,"parent":6,"menu_order":0,"comment_status":"closed","ping_status":"closed","template":"","meta":{"footnotes":""},"class_list":["post-2","page","type-page","status-publish","hentry"],"_links":{"self":[{"href":"https:\/\/cogumelosdobosque.com.br\/index.php\/wp-json\/wp\/v2\/pages\/2","targetHints":{"allow":["GET"]}}],"collection":[{"href":"https:\/\/cogumelosdobosque.com.br\/index.php\/wp-json\/wp\/v2\/pages"}],"about":[{"href":"https:\/\/cogumelosdobosque.com.br\/index.php\/wp-json\/wp\/v2\/types\/page"}],"author":[{"embeddable":true,"href":"https:\/\/cogumelosdobosque.com.br\/index.php\/wp-json\/wp\/v2\/users\/1"}],"replies":[{"embeddable":true,"href":"https:\/\/cogumelosdobosque.com.br\/index.php\/wp-json\/wp\/v2\/comments?post=2"}],"version-history":[{"count":97,"href":"https:\/\/cogumelosdobosque.com.br\/index.php\/wp-json\/wp\/v2\/pages\/2\/revisions"}],"predecessor-version":[{"id":611,"href":"https:\/\/cogumelosdobosque.com.br\/index.php\/wp-json\/wp\/v2\/pages\/2\/revisions\/611"}],"up":[{"embeddable":true,"href":"https:\/\/cogumelosdobosque.com.br\/index.php\/wp-json\/wp\/v2\/pages\/6"}],"wp:attachment":[{"href":"https:\/\/cogumelosdobosque.com.br\/index.php\/wp-json\/wp\/v2\/media?parent=2"}],"curies":[{"name":"wp","href":"https:\/\/api.w.org\/{rel}","templated":true}]}}